{"id":196,"date":"2023-03-15T15:11:23","date_gmt":"2023-03-15T14:11:23","guid":{"rendered":"https:\/\/www.restaurantcaxoret.com\/historia\/"},"modified":"2023-03-17T13:24:07","modified_gmt":"2023-03-17T12:24:07","slug":"historia","status":"publish","type":"page","link":"https:\/\/www.restaurantcaxoret.com\/val\/historia\/","title":{"rendered":"Hist\u00f2ria"},"content":{"rendered":"<p>[vc_row equal_height=&#8221;yes&#8221; content_placement=&#8221;middle&#8221; css=&#8221;.vc_custom_1678982655021{padding-top: 40px !important;padding-bottom: 40px !important;}&#8221;][vc_column width=&#8221;1\/2&#8243;][vc_column_text]<img loading=\"lazy\" decoding=\"async\" class=\"aligncenter wp-image-23 size-full\" src=\"https:\/\/www.restaurantcaxoret.com\/wp-content\/uploads\/2023\/03\/historia-caxoret.jpg\" alt=\"historia-caxoret\" width=\"520\" height=\"301\" srcset=\"https:\/\/www.restaurantcaxoret.com\/wp-content\/uploads\/2023\/03\/historia-caxoret.jpg 520w, https:\/\/www.restaurantcaxoret.com\/wp-content\/uploads\/2023\/03\/historia-caxoret-300x174.jpg 300w, https:\/\/www.restaurantcaxoret.com\/wp-content\/uploads\/2023\/03\/historia-caxoret-252x146.jpg 252w, https:\/\/www.restaurantcaxoret.com\/wp-content\/uploads\/2023\/03\/historia-caxoret-50x29.jpg 50w, https:\/\/www.restaurantcaxoret.com\/wp-content\/uploads\/2023\/03\/historia-caxoret-130x75.jpg 130w\" sizes=\"auto, (max-width: 520px) 100vw, 520px\" \/>[\/vc_column_text][\/vc_column][vc_column width=&#8221;1\/2&#8243;][vc_column_text el_class=&#8221;justificar-texto&#8221;]<strong>Melchor<\/strong> i <strong>Concha<\/strong> juntament amb el seu fill <strong>Mel<\/strong>, decideixen emprendre una nova etapa de la seua vida, muntant un Restaurant.<\/p>\n<p>&#8220;<strong>Restaurant Ca Xoret<\/strong>&#8221; naix en el <strong>Barri de Roca, Meliana<\/strong> l&#8217;any 2004. Un restaurant on es pot degustar una <strong>cuina tradicional Valenciana<\/strong>, recuperant les receptes m\u00e9s t\u00edpiques de <strong>l&#8217;horta nord<\/strong>. Comptem amb un celler on podr\u00e0s gaudeixes d&#8217;un bon vi, aconsellat pel nostre sommelier Mel. Oferim als nostres clients un tracte personal i pr\u00f2xim, creant un bon entorn familiar.<\/p>\n<p>El restaurant, est\u00e0 situat en un lloc privilegiat; el <strong>cor de l&#8217;horta nord<\/strong>.<\/p>\n<p>L&#8217;interior del restaurant ens veiem embolicats en una <strong>decoraci\u00f3 t\u00edpica valenciana<\/strong>. A l&#8217;estiu pots gaudir d&#8217;una vetlada a l&#8217;aire lliure a la nostra terrassa interior.<\/p>\n<p>L&#8217;origen de &#8220;<strong>CA XORET<\/strong>&#8221; ve dau pel nom del propietari <strong>Melchor<\/strong>.<\/p>\n<p>Concretament &#8220;<strong>Xoret<\/strong>&#8221; \u00e9s un diminutiu de <strong>Xoro<\/strong> que \u00e9s el nom de <strong>Melchor en valenci\u00e0<\/strong>.[\/vc_column_text][\/vc_column][\/vc_row]<\/p>\n","protected":false},"excerpt":{"rendered":"<p>[vc_row equal_height=&#8221;yes&#8221; content_placement=&#8221;middle&#8221; css=&#8221;.vc_custom_1678982655021{padding-top: 40px !important;padding-bottom: 40px !important;}&#8221;][vc_column width=&#8221;1\/2&#8243;][vc_column_text][\/vc_column_text][\/vc_column][vc_column width=&#8221;1\/2&#8243;][vc_column_text el_class=&#8221;justificar-texto&#8221;]Melchor i Concha juntament amb el seu fill Mel, decideixen emprendre una nova etapa de la seua vida, muntant un Restaurant. &#8220;Restaurant Ca Xoret&#8221; naix en el Barri de Roca, Meliana l&#8217;any 2004. Un restaurant on es pot degustar una<span class=\"excerpt-hellip\"> [\u2026]<\/span><\/p>\n","protected":false},"author":1,"featured_media":0,"parent":0,"menu_order":0,"comment_status":"closed","ping_status":"closed","template":"","meta":{"footnotes":""},"class_list":["post-196","page","type-page","status-publish","hentry"],"yoast_head":"<!-- This site is optimized with the Yoast SEO plugin v21.3 - https:\/\/yoast.com\/wordpress\/plugins\/seo\/ -->\n<title>Hist\u00f2ria - Restaurant Ca Xoret - Roca, Meliana, Valencia<\/title>\n<meta name=\"description\" content=\"Hist\u00f2ria del Restaurant Ca Xoret. Cuina tradicional Valenciana. Les receptes m\u00e9s t\u00edpiques de l\u2019horta nord. Disposem de celler de vins.\" \/>\n<meta name=\"robots\" content=\"index, follow, max-snippet:-1, max-image-preview:large, max-video-preview:-1\" \/>\n<link rel=\"canonical\" href=\"https:\/\/www.restaurantcaxoret.com\/val\/historia\/\" \/>\n<meta property=\"og:locale\" content=\"en_US\" \/>\n<meta property=\"og:type\" content=\"article\" \/>\n<meta property=\"og:title\" content=\"Hist\u00f2ria - Restaurant Ca Xoret - Roca, Meliana, Valencia\" \/>\n<meta property=\"og:description\" content=\"Hist\u00f2ria del Restaurant Ca Xoret. Cuina tradicional Valenciana. Les receptes m\u00e9s t\u00edpiques de l\u2019horta nord. Disposem de celler de vins.\" \/>\n<meta property=\"og:url\" content=\"https:\/\/www.restaurantcaxoret.com\/val\/historia\/\" \/>\n<meta property=\"og:site_name\" content=\"Restaurant Ca Xoret\" \/>\n<meta property=\"article:modified_time\" content=\"2023-03-17T12:24:07+00:00\" \/>\n<meta property=\"og:image\" content=\"https:\/\/www.restaurantcaxoret.com\/wp-content\/uploads\/2023\/03\/historia-caxoret.jpg\" \/>\n<meta name=\"twitter:card\" content=\"summary_large_image\" \/>\n<meta name=\"twitter:label1\" content=\"Est. reading time\" \/>\n\t<meta name=\"twitter:data1\" content=\"1 minute\" \/>\n<script type=\"application\/ld+json\" class=\"yoast-schema-graph\">{\"@context\":\"https:\/\/schema.org\",\"@graph\":[{\"@type\":\"WebPage\",\"@id\":\"https:\/\/www.restaurantcaxoret.com\/val\/historia\/\",\"url\":\"https:\/\/www.restaurantcaxoret.com\/val\/historia\/\",\"name\":\"Hist\u00f2ria - Restaurant Ca Xoret - Roca, Meliana, Valencia\",\"isPartOf\":{\"@id\":\"https:\/\/www.restaurantcaxoret.com\/val\/#website\"},\"datePublished\":\"2023-03-15T14:11:23+00:00\",\"dateModified\":\"2023-03-17T12:24:07+00:00\",\"description\":\"Hist\u00f2ria del Restaurant Ca Xoret. Cuina tradicional Valenciana. Les receptes m\u00e9s t\u00edpiques de l\u2019horta nord. Disposem de celler de vins.\",\"breadcrumb\":{\"@id\":\"https:\/\/www.restaurantcaxoret.com\/val\/historia\/#breadcrumb\"},\"inLanguage\":\"val\",\"potentialAction\":[{\"@type\":\"ReadAction\",\"target\":[\"https:\/\/www.restaurantcaxoret.com\/val\/historia\/\"]}]},{\"@type\":\"BreadcrumbList\",\"@id\":\"https:\/\/www.restaurantcaxoret.com\/val\/historia\/#breadcrumb\",\"itemListElement\":[{\"@type\":\"ListItem\",\"position\":1,\"name\":\"Portada\",\"item\":\"https:\/\/www.restaurantcaxoret.com\/val\/\"},{\"@type\":\"ListItem\",\"position\":2,\"name\":\"Hist\u00f2ria\"}]},{\"@type\":\"WebSite\",\"@id\":\"https:\/\/www.restaurantcaxoret.com\/val\/#website\",\"url\":\"https:\/\/www.restaurantcaxoret.com\/val\/\",\"name\":\"Restaurant Ca Xoret\",\"description\":\"\",\"potentialAction\":[{\"@type\":\"SearchAction\",\"target\":{\"@type\":\"EntryPoint\",\"urlTemplate\":\"https:\/\/www.restaurantcaxoret.com\/val\/?s={search_term_string}\"},\"query-input\":\"required name=search_term_string\"}],\"inLanguage\":\"val\"}]}<\/script>\n<!-- \/ Yoast SEO plugin. -->","yoast_head_json":{"title":"Hist\u00f2ria - Restaurant Ca Xoret - Roca, Meliana, Valencia","description":"Hist\u00f2ria del Restaurant Ca Xoret. Cuina tradicional Valenciana. Les receptes m\u00e9s t\u00edpiques de l\u2019horta nord. Disposem de celler de vins.","robots":{"index":"index","follow":"follow","max-snippet":"max-snippet:-1","max-image-preview":"max-image-preview:large","max-video-preview":"max-video-preview:-1"},"canonical":"https:\/\/www.restaurantcaxoret.com\/val\/historia\/","og_locale":"en_US","og_type":"article","og_title":"Hist\u00f2ria - Restaurant Ca Xoret - Roca, Meliana, Valencia","og_description":"Hist\u00f2ria del Restaurant Ca Xoret. Cuina tradicional Valenciana. Les receptes m\u00e9s t\u00edpiques de l\u2019horta nord. Disposem de celler de vins.","og_url":"https:\/\/www.restaurantcaxoret.com\/val\/historia\/","og_site_name":"Restaurant Ca Xoret","article_modified_time":"2023-03-17T12:24:07+00:00","og_image":[{"url":"https:\/\/www.restaurantcaxoret.com\/wp-content\/uploads\/2023\/03\/historia-caxoret.jpg"}],"twitter_card":"summary_large_image","twitter_misc":{"Est. reading time":"1 minute"},"schema":{"@context":"https:\/\/schema.org","@graph":[{"@type":"WebPage","@id":"https:\/\/www.restaurantcaxoret.com\/val\/historia\/","url":"https:\/\/www.restaurantcaxoret.com\/val\/historia\/","name":"Hist\u00f2ria - Restaurant Ca Xoret - Roca, Meliana, Valencia","isPartOf":{"@id":"https:\/\/www.restaurantcaxoret.com\/val\/#website"},"datePublished":"2023-03-15T14:11:23+00:00","dateModified":"2023-03-17T12:24:07+00:00","description":"Hist\u00f2ria del Restaurant Ca Xoret. Cuina tradicional Valenciana. Les receptes m\u00e9s t\u00edpiques de l\u2019horta nord. Disposem de celler de vins.","breadcrumb":{"@id":"https:\/\/www.restaurantcaxoret.com\/val\/historia\/#breadcrumb"},"inLanguage":"val","potentialAction":[{"@type":"ReadAction","target":["https:\/\/www.restaurantcaxoret.com\/val\/historia\/"]}]},{"@type":"BreadcrumbList","@id":"https:\/\/www.restaurantcaxoret.com\/val\/historia\/#breadcrumb","itemListElement":[{"@type":"ListItem","position":1,"name":"Portada","item":"https:\/\/www.restaurantcaxoret.com\/val\/"},{"@type":"ListItem","position":2,"name":"Hist\u00f2ria"}]},{"@type":"WebSite","@id":"https:\/\/www.restaurantcaxoret.com\/val\/#website","url":"https:\/\/www.restaurantcaxoret.com\/val\/","name":"Restaurant Ca Xoret","description":"","potentialAction":[{"@type":"SearchAction","target":{"@type":"EntryPoint","urlTemplate":"https:\/\/www.restaurantcaxoret.com\/val\/?s={search_term_string}"},"query-input":"required name=search_term_string"}],"inLanguage":"val"}]}},"_links":{"self":[{"href":"https:\/\/www.restaurantcaxoret.com\/val\/wp-json\/wp\/v2\/pages\/196","targetHints":{"allow":["GET"]}}],"collection":[{"href":"https:\/\/www.restaurantcaxoret.com\/val\/wp-json\/wp\/v2\/pages"}],"about":[{"href":"https:\/\/www.restaurantcaxoret.com\/val\/wp-json\/wp\/v2\/types\/page"}],"author":[{"embeddable":true,"href":"https:\/\/www.restaurantcaxoret.com\/val\/wp-json\/wp\/v2\/users\/1"}],"replies":[{"embeddable":true,"href":"https:\/\/www.restaurantcaxoret.com\/val\/wp-json\/wp\/v2\/comments?post=196"}],"version-history":[{"count":2,"href":"https:\/\/www.restaurantcaxoret.com\/val\/wp-json\/wp\/v2\/pages\/196\/revisions"}],"predecessor-version":[{"id":208,"href":"https:\/\/www.restaurantcaxoret.com\/val\/wp-json\/wp\/v2\/pages\/196\/revisions\/208"}],"wp:attachment":[{"href":"https:\/\/www.restaurantcaxoret.com\/val\/wp-json\/wp\/v2\/media?parent=196"}],"curies":[{"name":"wp","href":"https:\/\/api.w.org\/{rel}","templated":true}]}}